{"id":67,"date":"2025-04-04T07:21:36","date_gmt":"2025-04-04T07:21:36","guid":{"rendered":"https:\/\/scoala-craidorolt.ro\/?page_id=67"},"modified":"2025-10-10T10:40:58","modified_gmt":"2025-10-10T10:40:58","slug":"inscriere-invatamant-primar","status":"publish","type":"page","link":"https:\/\/scoala-craidorolt.ro\/?page_id=67","title":{"rendered":"\u00censcriere \u00eenv\u0103\u021b\u0103m\u00e2nt primar"},"content":{"rendered":"\t\t<div data-elementor-type=\"wp-page\" data-elementor-id=\"67\" class=\"elementor elementor-67\">\n\t\t\t\t<div class=\"elementor-element elementor-element-b06809d e-flex e-con-boxed e-con e-parent\" data-id=\"b06809d\" data-element_type=\"container\">\n\t\t\t\t\t<div class=\"e-con-inner\">\n\t\t\t\t<div class=\"elementor-element elementor-element-cf9eb1b elementor-widget elementor-widget-button\" data-id=\"cf9eb1b\" data-element_type=\"widget\" data-widget_type=\"button.default\">\n\t\t\t\t<div class=\"elementor-widget-container\">\n\t\t\t\t\t\t\t\t\t<div class=\"elementor-button-wrapper\">\n\t\t\t\t\t<a class=\"elementor-button elementor-button-link elementor-size-sm\" href=\"https:\/\/www.edu.ro\/sites\/default\/files\/_fi%C8%99iere\/Legislatie\/2024\/OM_4019_2024.pdf\">\n\t\t\t\t\t\t<span class=\"elementor-button-content-wrapper\">\n\t\t\t\t\t\t\t\t\t<span class=\"elementor-button-text\">Metodologiei de \u00eenscriere a copiilor \u00een \u00eenv\u0103\u021b\u0103m\u00e2ntul primar \u0219i a Calendarului \u00eenscrierii \u00een \u00eenv\u0103\u021b\u0103m\u00e2ntul primar pentru anul \u0219colar 2024\u20142025<\/span>\n\t\t\t\t\t<\/span>\n\t\t\t\t\t<\/a>\n\t\t\t\t<\/div>\n\t\t\t\t\t\t\t\t<\/div>\n\t\t\t\t<\/div>\n\t\t\t\t\t<\/div>\n\t\t\t\t<\/div>\n\t\t\t\t<\/div>\n\t\t","protected":false},"excerpt":{"rendered":"<p>Metodologiei de \u00eenscriere a copiilor \u00een \u00eenv\u0103\u021b\u0103m\u00e2ntul primar \u0219i a Calendarului \u00eenscrierii \u00een \u00eenv\u0103\u021b\u0103m\u00e2ntul primar pentru anul \u0219colar 2024\u20142025<\/p>\n","protected":false},"author":1,"featured_media":0,"parent":0,"menu_order":0,"comment_status":"closed","ping_status":"closed","template":"","meta":{"footnotes":""},"class_list":["post-67","page","type-page","status-publish","hentry"],"_links":{"self":[{"href":"https:\/\/scoala-craidorolt.ro\/index.php?rest_route=\/wp\/v2\/pages\/67","targetHints":{"allow":["GET"]}}],"collection":[{"href":"https:\/\/scoala-craidorolt.ro\/index.php?rest_route=\/wp\/v2\/pages"}],"about":[{"href":"https:\/\/scoala-craidorolt.ro\/index.php?rest_route=\/wp\/v2\/types\/page"}],"author":[{"embeddable":true,"href":"https:\/\/scoala-craidorolt.ro\/index.php?rest_route=\/wp\/v2\/users\/1"}],"replies":[{"embeddable":true,"href":"https:\/\/scoala-craidorolt.ro\/index.php?rest_route=%2Fwp%2Fv2%2Fcomments&post=67"}],"version-history":[{"count":10,"href":"https:\/\/scoala-craidorolt.ro\/index.php?rest_route=\/wp\/v2\/pages\/67\/revisions"}],"predecessor-version":[{"id":81,"href":"https:\/\/scoala-craidorolt.ro\/index.php?rest_route=\/wp\/v2\/pages\/67\/revisions\/81"}],"wp:attachment":[{"href":"https:\/\/scoala-craidorolt.ro\/index.php?rest_route=%2Fwp%2Fv2%2Fmedia&parent=67"}],"curies":[{"name":"wp","href":"https:\/\/api.w.org\/{rel}","templated":true}]}}